{"id":1007,"date":"2015-04-27T11:19:00","date_gmt":"2015-04-27T11:19:00","guid":{"rendered":"http:\/\/www.ib-businessinnovation.com\/testimonials-2\/"},"modified":"2015-04-27T12:10:06","modified_gmt":"2015-04-27T12:10:06","slug":"testimonios","status":"publish","type":"page","link":"https:\/\/www.ib-businessinnovation.com\/es\/testimonios\/","title":{"rendered":"Testimonios"},"content":{"rendered":"<div class=\"wpb_row row \"> \n\t<div class=\"sixteen columns wpb_column column_container\">\n\t\t<div class=\"wpb_wrapper\">\n\t\t\t \n\t<div class=\"wpb_single_image wpb_content_element\">\n\t\t<div class=\"wpb_wrapper\">\n\t\t\t\n\t\t\t<img width=\"940\" height=\"280\" src=\"https:\/\/www.ib-businessinnovation.com\/wp-content\/uploads\/2015\/04\/testimonials-image.jpg\" class=\"attachment-full size-full\" alt=\"\" loading=\"lazy\" srcset=\"https:\/\/www.ib-businessinnovation.com\/wp-content\/uploads\/2015\/04\/testimonials-image.jpg 940w, https:\/\/www.ib-businessinnovation.com\/wp-content\/uploads\/2015\/04\/testimonials-image-300x89.jpg 300w\" sizes=\"(max-width: 940px) 100vw, 940px\" \/>\n\t\t<\/div> \n\t<\/div>  \n\t<div class=\"wpb_text_column wpb_content_element \">\n\t\t<div class=\"wpb_wrapper\">\n\t\t\t\n<h2>Testimonios<\/h2>\n\n\t\t<\/div> \n\t<\/div>  \n\t<div class=\"wpb_text_column wpb_content_element \">\n\t\t<div class=\"wpb_wrapper\">\n\t\t\t\n<p style=\"text-align: justify;\"><em>Ha sido un inmenso placer trabajar con Business Innovation de Valencia para ayudar a desarrollar a emprendedores <strong>motivados e impulsados por la innovaci\u00f3n<\/strong>. A lo largo de los \u00faltimos cuatro a\u00f1os, he visto como sus programas educan, apoyan, crean redes de contactos y se instalan en la mentalidad de empresas en la zona de Valencia que ahora van a tener un impacto global. Estas empresas <strong>han acudido a MIT y han competido con los mejores emprendedores a nivel global y han obtenido resultados, adem\u00e1s del respeto de todos<\/strong>. Este es exactamente el tipo de programa que necesita Espa\u00f1a para aumentar la confianza y desarrollar la mentalidad para atacar mercados globales y devolver la prosperidad econ\u00f3mica a la regi\u00f3n. Verdaderamente disfruto trabajando con el maravilloso equipo de Business Innovation y su grupo de emprendedores.<\/em><\/p>\n<p style=\"text-align: justify;\"><strong>Bill Aulet, Director General del Martin Trust Center para Emprendimiento MIT<\/strong><\/p>\n\n\t\t<\/div> \n\t<\/div>  <div class=\"wpb_separator wpb_content_element \"><\/div>\n \n\t<div class=\"wpb_text_column wpb_content_element \">\n\t\t<div class=\"wpb_wrapper\">\n\t\t\t\n<p style=\"text-align: justify;\"><em>Nuestra participaci\u00f3n en la primera edici\u00f3n del VG fue el <strong>comienzo de un viaje hacia nuevos espacios inexplorados para\u00a0nuestra empresa<\/strong> : proceso de escisi\u00f3n o spin-off, hacer frente a las necesidades de financiaci\u00f3n de proyectos, incorporaci\u00f3n de nuevos accionistas al consejo de administraci\u00f3n, &#8230;. Durante este emocionante viaje, no exento de dificultades, fuimos de la mano de varios actores destacados: <strong>los coaches del VG, los profesores del MIT, y, sobre todo, la presencia permanente del estupendo equipo de Business Innovation, dirigido por J.V. Pons<\/strong>, siempre dispuestos a ayudar y plenamente comprometidos para atender nuestras necesidades\u00a0 en cualquier momento (y cuando digo cualquier momento lo digo en serio: fines de semana y llamadas nocturnas incluidas). En pocas palabras: el equipo de BI nos ayud\u00f3 a hacer que Medip Health fuera la realidad que es hoy.<\/em><\/p>\n<p><strong>Daniel Vicente, Director General de Medip Health Participante del Valencian Global Primera edici\u00f3n<\/strong><\/p>\n\n\t\t<\/div> \n\t<\/div>  <div class=\"wpb_separator wpb_content_element \"><\/div>\n \n\t<div class=\"wpb_text_column wpb_content_element \">\n\t\t<div class=\"wpb_wrapper\">\n\t\t\t\n<p style=\"text-align: justify;\"><em>El equipo de Business Innovation ha jugado un <strong>papel protagonista en nuestra participaci\u00f3n en la 3\u00aa edici\u00f3n del Valencian Global Growth Program<\/strong> asesor\u00e1ndonos, acompa\u00f1\u00e1ndonos y velando por el m\u00e1ximo aprovechamiento de la experiencia para convertirla en crecimiento.<\/em><em>\u00a0<\/em><\/p>\n<p style=\"text-align: justify;\"><em>Desde el primer momento, Jos\u00e9 Vicente Pons nos ha hecho <strong>pensar en GRANDE y se ha involucrado en todo el proceso, aportando valiosos contactos clave para nuestra financiaci\u00f3n a corto plazo, con condiciones muy beneficiosas con entidades bancarias<\/strong>. Al mismo tiempo ha ido desarrollando contactos con inversores y nos ha ido dando la oportunidad de entrar en contacto con ellos, seg\u00fan el programa avanzaba, e iba aport\u00e1ndonos saber hacer en el modo id\u00f3neo de presentar nuestra empresa. Durante este tiempo he sentido que hab\u00eda alguien que, desde fuera de la organizaci\u00f3n, iba moviendo hilos y preocup\u00e1ndose por la maduraci\u00f3n de las oportunidades y nuestro desarrollo como startup.<\/em> <em>Ten\u00edan planes para nosotros, y eso era muy motivador para seguir trabajando duro.<\/em><em>\u00a0<\/em><\/p>\n<p style=\"text-align: justify;\"><em>La <strong>implicaci\u00f3n del equipo de Business Innovation en la consecuci\u00f3n de los planes de Lowpost ha sido m\u00e1xima<\/strong>, peleando para salvar grandes obst\u00e1culos y dificultades burocr\u00e1ticas y permitiendo con ello que no perdi\u00e9ramos el foco. Su intervenci\u00f3n en nuestro proceso de crecimiento ha sido una valios\u00edsima palanca que nos ha obligado en todo momento a pensar en GRANDE y a desear CRECER con las m\u00e1ximas expectativas, apoy\u00e1ndonos en cada paso para encontrar el mejor modo de hacerlo.<\/em><\/p>\n<p><strong>Jos\u00e9 Ignacio Garc\u00eda, CEO y Fundador de LOWPOST SL.<\/strong><\/p>\n\n\t\t<\/div> \n\t<\/div>  \n\t\t<\/div> \n\t<\/div> \n <\/div>\n","protected":false},"excerpt":{"rendered":"Testimonios Ha sido un inmenso placer trabajar con Business Innovation de Valencia para ayudar a desarrollar a emprendedores motivados e impulsados por la innovaci\u00f3n. A lo largo de los \u00faltimos cuatro a\u00f1os, he visto como sus programas educan, apoyan, crean redes de contactos y se instalan en la mentalidad de empresas en la zona de [...]","protected":false},"author":1,"featured_media":0,"parent":0,"menu_order":0,"comment_status":"open","ping_status":"open","template":"","meta":[],"_links":{"self":[{"href":"https:\/\/www.ib-businessinnovation.com\/es\/wp-json\/wp\/v2\/pages\/1007"}],"collection":[{"href":"https:\/\/www.ib-businessinnovation.com\/es\/wp-json\/wp\/v2\/pages"}],"about":[{"href":"https:\/\/www.ib-businessinnovation.com\/es\/wp-json\/wp\/v2\/types\/page"}],"author":[{"embeddable":true,"href":"https:\/\/www.ib-businessinnovation.com\/es\/wp-json\/wp\/v2\/users\/1"}],"replies":[{"embeddable":true,"href":"https:\/\/www.ib-businessinnovation.com\/es\/wp-json\/wp\/v2\/comments?post=1007"}],"version-history":[{"count":5,"href":"https:\/\/www.ib-businessinnovation.com\/es\/wp-json\/wp\/v2\/pages\/1007\/revisions"}],"predecessor-version":[{"id":1012,"href":"https:\/\/www.ib-businessinnovation.com\/es\/wp-json\/wp\/v2\/pages\/1007\/revisions\/1012"}],"wp:attachment":[{"href":"https:\/\/www.ib-businessinnovation.com\/es\/wp-json\/wp\/v2\/media?parent=1007"}],"curies":[{"name":"wp","href":"https:\/\/api.w.org\/{rel}","templated":true}]}}