{"id":1149,"date":"2016-05-18T12:09:22","date_gmt":"2016-05-18T12:09:22","guid":{"rendered":"http:\/\/www.ib-businessinnovation.com\/next-step-2\/"},"modified":"2016-05-18T13:23:32","modified_gmt":"2016-05-18T13:23:32","slug":"next-step","status":"publish","type":"page","link":"https:\/\/www.ib-businessinnovation.com\/es\/next-step\/","title":{"rendered":"Next Step"},"content":{"rendered":"<div class=\"wpb_row row \"> \n\t<div class=\"one-third column wpb_column column_container\">\n\t\t<div class=\"wpb_wrapper\">\n\t\t\t \n\t<div class=\"wpb_text_column wpb_content_element \">\n\t\t<div class=\"wpb_wrapper\">\n\t\t\t\n<p><img loading=\"lazy\" class=\"aligncenter size-full wp-image-1172\" src=\"http:\/\/www.ib-businessinnovation.com\/wp-content\/uploads\/2016\/05\/logo_next_step.png\" alt=\"logo_next_step\" width=\"300\" height=\"300\" srcset=\"https:\/\/www.ib-businessinnovation.com\/wp-content\/uploads\/2016\/05\/logo_next_step.png 300w, https:\/\/www.ib-businessinnovation.com\/wp-content\/uploads\/2016\/05\/logo_next_step-150x150.png 150w\" sizes=\"(max-width: 300px) 100vw, 300px\" \/><\/p>\n\n\t\t<\/div> \n\t<\/div>  \n\t<div class=\"wpb_text_column wpb_content_element \">\n\t\t<div class=\"wpb_wrapper\">\n\t\t\t\n<div data-language='' id='calendar-509491022' class='calendar  '><\/div>\n\n\t\t<\/div> \n\t<\/div>  \n\t\t<\/div> \n\t<\/div> \n \n\t<div class=\"two-thirds column wpb_column column_container\">\n\t\t<div class=\"wpb_wrapper\">\n\t\t\t <div class=\"vc_text_separator wpb_content_element separator_align_left \"><div>Next Step<\/div><\/div>\n \n\t<div class=\"wpb_text_column wpb_content_element \">\n\t\t<div class=\"wpb_wrapper\">\n\t\t\t\n<p style=\"text-align: justify;\">NextStep es un programa de aceleraci\u00f3n para empresas innovadoras que cuenta con la colaboraci\u00f3n del MIT y est\u00e1 financiado por la Fundaci\u00f3n Futuro Digital.<\/p>\n<p style=\"text-align: justify;\">El programa NextStep est\u00e1 dise\u00f1ado para cubrir los retos que tienen las compa\u00f1\u00edas innovadoras hoy en d\u00eda. Se necesitan modelos de negocio viables, clientes solventes y fuentes de financiaci\u00f3n adecuadas para convertirse en una compa\u00f1\u00eda de crecimiento sostenible y global. El programa tiene una duraci\u00f3n de 12 meses y consiste en:<\/p>\n\n\t\t<\/div> \n\t<\/div>  \n\t<div class=\"wpb_tabs wpb_content_element \" data-interval=\"0\">\n\t\t<div class=\"wpb_wrapper wpb_tour_tabs_wrapper ui-tabs clearfix\">\n\t\t\t<ul class=\"clearfix ui-tabs-nav\"><li><a href=\"#tab-1391701271-1-76\">World Class Training<\/a><\/li><li><a href=\"#tab-1391701271-2-77\">Coaching<\/a><\/li><li><a href=\"#tab-1391701271-2-88\">EDP<\/a><\/li><li><a href=\"#tab-1391701271-2-99\">Ecosistema<\/a><\/li><\/ul>\n\n\t\t\t \n\t\t\t<div id=\"tab-1391701271-1-76\" class=\"wpb_tab wpb_row vc_row-fluid ui-tabs-panel wpb_ui-tabs-hide clearfix\">\n\t\t\t\t \n\t<div class=\"wpb_text_column wpb_content_element \">\n\t\t<div class=\"wpb_wrapper\">\n\t\t\t\n<p>Una combinaci\u00f3n de cursos online sobre Ventas, Marketing, Equipos y Financiaci\u00f3n con clases presenciales y eventos que permitan el contacto de los participantes con el ecosistema.<\/p>\n<p>La formaci\u00f3n est\u00e1 basada en los cursos:<\/p>\n<ul class=\"list\"><li>Global Sales Strategies for Ambitious Entrepreneurs by Ken Morse and Laura Barker Morse.<\/li><li>Entrepreneurial Product Marketing: Listening to the Voice of the Customer by Bill Aulet and Ken Morse.<\/li><li>Designing, Leading and Building World Class Management Teams by Laura Barker Morse and Ken Morse.<\/li><li>Financing for Ambitious Entrepreneurs by Graham O\u00b4Keeffe and Ken Morse.<\/li><\/ul>\n\n\t\t<\/div> \n\t<\/div>  \n\t\t\t<\/div>  \n\t\t\t<div id=\"tab-1391701271-2-77\" class=\"wpb_tab wpb_row vc_row-fluid ui-tabs-panel wpb_ui-tabs-hide clearfix\">\n\t\t\t\t \n\t<div class=\"wpb_text_column wpb_content_element \">\n\t\t<div class=\"wpb_wrapper\">\n\t\t\t\n<p>Sesiones de Coaching siguiendo la metodolog\u00eda de los 24 Steps del MIT para implantar las acciones en las empresas y medir los resultados.<\/p>\n\n\t\t<\/div> \n\t<\/div>  \n\t\t\t<\/div>  \n\t\t\t<div id=\"tab-1391701271-2-88\" class=\"wpb_tab wpb_row vc_row-fluid ui-tabs-panel wpb_ui-tabs-hide clearfix\">\n\t\t\t\t \n\t<div class=\"wpb_text_column wpb_content_element \">\n\t\t<div class=\"wpb_wrapper\">\n\t\t\t\n<p>Asistencia al Entrepreneurship Development Program en MIT\/Sloan School of Management (Cambridge, MA).<\/p>\n\n\t\t<\/div> \n\t<\/div>  \n\t\t\t<\/div>  \n\t\t\t<div id=\"tab-1391701271-2-99\" class=\"wpb_tab wpb_row vc_row-fluid ui-tabs-panel wpb_ui-tabs-hide clearfix\">\n\t\t\t\t \n\t<div class=\"wpb_text_column wpb_content_element \">\n\t\t<div class=\"wpb_wrapper\">\n\t\t\t\n<p>La oportunidad de conocer a l\u00edderes en los sectores del emprendimiento, inversores, emprendedores de \u00e9xito y directivos de grandes corporaciones.<\/p>\n\n\t\t<\/div> \n\t<\/div>  \n\t\t\t<\/div>  \n\t\t<\/div> \n\t<\/div>  <a class=\"wpb_button_a\" title=\"Formulario de solicitud\" href=\"http:\/\/www.ib-businessinnovation.com\/es\/next-step\/formulario-de-solicitud\/\"><span class=\"wpb_button  wpb_btn-info wpb_btn-large wpb_arrow\">Formulario de solicitud <i class=\"icon\"> <\/i><\/span><\/a>\n <a class=\"wpb_button_a\" title=\"Modelo Plan de Negocio\" href=\"http:\/\/www.ib-businessinnovation.com\/wp-content\/uploads\/2016\/05\/Modelo-Plan-de-Negocio-Solicitud-v1.doc\" target=\"_blank\"><span class=\"wpb_button  wpb_btn-danger wpb_btn-large wpb_document_word\">Modelo Plan de Negocio <i class=\"icon\"> <\/i><\/span><\/a>\n \n\t\t<\/div> \n\t<\/div> \n <\/div>\n","protected":false},"excerpt":{"rendered":"Next Step NextStep es un programa de aceleraci\u00f3n para empresas innovadoras que cuenta con la colaboraci\u00f3n del MIT y est\u00e1 financiado por la Fundaci\u00f3n Futuro Digital. El programa NextStep est\u00e1 dise\u00f1ado para cubrir los retos que tienen las compa\u00f1\u00edas innovadoras hoy en d\u00eda. Se necesitan modelos de negocio viables, clientes solventes y fuentes de financiaci\u00f3n [...]","protected":false},"author":1,"featured_media":0,"parent":0,"menu_order":0,"comment_status":"open","ping_status":"open","template":"","meta":[],"_links":{"self":[{"href":"https:\/\/www.ib-businessinnovation.com\/es\/wp-json\/wp\/v2\/pages\/1149"}],"collection":[{"href":"https:\/\/www.ib-businessinnovation.com\/es\/wp-json\/wp\/v2\/pages"}],"about":[{"href":"https:\/\/www.ib-businessinnovation.com\/es\/wp-json\/wp\/v2\/types\/page"}],"author":[{"embeddable":true,"href":"https:\/\/www.ib-businessinnovation.com\/es\/wp-json\/wp\/v2\/users\/1"}],"replies":[{"embeddable":true,"href":"https:\/\/www.ib-businessinnovation.com\/es\/wp-json\/wp\/v2\/comments?post=1149"}],"version-history":[{"count":6,"href":"https:\/\/www.ib-businessinnovation.com\/es\/wp-json\/wp\/v2\/pages\/1149\/revisions"}],"predecessor-version":[{"id":1173,"href":"https:\/\/www.ib-businessinnovation.com\/es\/wp-json\/wp\/v2\/pages\/1149\/revisions\/1173"}],"wp:attachment":[{"href":"https:\/\/www.ib-businessinnovation.com\/es\/wp-json\/wp\/v2\/media?parent=1149"}],"curies":[{"name":"wp","href":"https:\/\/api.w.org\/{rel}","templated":true}]}}