{"id":857,"date":"2014-01-21T09:39:41","date_gmt":"2014-01-21T09:39:41","guid":{"rendered":"http:\/\/www.ib-businessinnovation.com\/about-us-2\/"},"modified":"2015-04-06T16:15:44","modified_gmt":"2015-04-06T16:15:44","slug":"nosotros","status":"publish","type":"page","link":"https:\/\/www.ib-businessinnovation.com\/es\/nosotros\/","title":{"rendered":"Nosotros"},"content":{"rendered":"<div class=\"wpb_row row \"> \n\t<div class=\"sixteen columns wpb_column column_container\">\n\t\t<div class=\"wpb_wrapper\">\n\t\t\t \n\t<div class=\"wpb_gallery wpb_content_element clearfix\">\n\t\t<div class=\"wpb_wrapper\"><div class=\"wpb_gallery_slides wpb_flexslider flexslider_slide flexslider\" data-interval=\"3\" data-flex_fx=\"slide\"><ul class=\"slides\"><li><img width=\"940\" height=\"230\" src=\"https:\/\/www.ib-businessinnovation.com\/wp-content\/uploads\/2014\/01\/12.jpg\" class=\"attachment-full size-full\" alt=\"\" loading=\"lazy\" srcset=\"https:\/\/www.ib-businessinnovation.com\/wp-content\/uploads\/2014\/01\/12.jpg 940w, https:\/\/www.ib-businessinnovation.com\/wp-content\/uploads\/2014\/01\/12-300x73.jpg 300w\" sizes=\"(max-width: 940px) 100vw, 940px\" \/><\/li><li><img width=\"940\" height=\"230\" src=\"https:\/\/www.ib-businessinnovation.com\/wp-content\/uploads\/2014\/01\/5.jpg\" class=\"attachment-full size-full\" alt=\"\" loading=\"lazy\" srcset=\"https:\/\/www.ib-businessinnovation.com\/wp-content\/uploads\/2014\/01\/5.jpg 940w, https:\/\/www.ib-businessinnovation.com\/wp-content\/uploads\/2014\/01\/5-300x73.jpg 300w\" sizes=\"(max-width: 940px) 100vw, 940px\" \/><\/li><li><img width=\"940\" height=\"230\" src=\"https:\/\/www.ib-businessinnovation.com\/wp-content\/uploads\/2014\/01\/32.jpg\" class=\"attachment-full size-full\" alt=\"\" loading=\"lazy\" srcset=\"https:\/\/www.ib-businessinnovation.com\/wp-content\/uploads\/2014\/01\/32.jpg 940w, https:\/\/www.ib-businessinnovation.com\/wp-content\/uploads\/2014\/01\/32-300x73.jpg 300w\" sizes=\"(max-width: 940px) 100vw, 940px\" \/><\/li><li><img width=\"940\" height=\"230\" src=\"https:\/\/www.ib-businessinnovation.com\/wp-content\/uploads\/2014\/01\/22.jpg\" class=\"attachment-full size-full\" alt=\"\" loading=\"lazy\" srcset=\"https:\/\/www.ib-businessinnovation.com\/wp-content\/uploads\/2014\/01\/22.jpg 940w, https:\/\/www.ib-businessinnovation.com\/wp-content\/uploads\/2014\/01\/22-300x73.jpg 300w\" sizes=\"(max-width: 940px) 100vw, 940px\" \/><\/li><li><img width=\"940\" height=\"230\" src=\"https:\/\/www.ib-businessinnovation.com\/wp-content\/uploads\/2014\/01\/4.jpg\" class=\"attachment-full size-full\" alt=\"\" loading=\"lazy\" srcset=\"https:\/\/www.ib-businessinnovation.com\/wp-content\/uploads\/2014\/01\/4.jpg 940w, https:\/\/www.ib-businessinnovation.com\/wp-content\/uploads\/2014\/01\/4-300x73.jpg 300w\" sizes=\"(max-width: 940px) 100vw, 940px\" \/><\/li><\/ul><\/div>\n\t\t<\/div> \n\t<\/div>  \n\t<div class=\"wpb_text_column wpb_content_element \">\n\t\t<div class=\"wpb_wrapper\">\n\t\t\t\n<h2>Building Global Companies<\/h2>\n<p>&nbsp;<\/p>\n<p style=\"text-align: justify;\">Ayudamos a <strong>construir compa\u00f1\u00edas internacionales<\/strong> utilizando un enfoque de INNOVACI\u00d3N H\u00cdBRIDA\u00a0creando un ECOSISTEMA\u00a0que apoya a los emprendedores.<\/p>\n<p style=\"text-align: justify;\">Estrategia y experimentaci\u00f3n se juntan para maximizar los resultados y aumentar la productividad, ya que las startups necesitan experimentar las ideas antes de que puedan crecer de manera sostenible. <strong>Alinear talento, ejecuci\u00f3n y m\u00e9todo en una estrategia com\u00fan<\/strong> es prioritario para alcanzar objetivos.<\/p>\n<p style=\"text-align: justify;\">En Business Innovation, ayudamos a las compa\u00f1\u00edas en esta transformaci\u00f3n para que obtengan resultados s\u00f3lidos, y para ello\u00a0 utilizamos la <strong>metodolog\u00eda de los 24 pasos del Martin Trust Entrepreneurship Center en MIT, potenciando la cultura MIT<\/strong> para crear la pr\u00f3xima generaci\u00f3n de emprendedores.<\/p>\n<p style=\"text-align: justify;\">Para construir compa\u00f1\u00edas globales es necesario contar con un ECOSISTEMA\u00a0que ayude a que los emprendedores validen su modelo de negocio, encuentren clientes, atraigan talento y consigan financiaci\u00f3n. Nuestra misi\u00f3n es <strong>preparar a los emprendedores para que utilicen del mejor modo posible el ecosistema en Espa\u00f1a, Latinoamerica y Boston<\/strong>.<\/p>\n<p style=\"text-align: justify;\"><strong>Buscamos emprendedores ambiciosos y compa\u00f1\u00edas innovadoras<\/strong> que quieran cambiar el mundo, que puedan actuar y cumplir los objetivos.<\/p>\n\n\t\t<\/div> \n\t<\/div>  \n\t\t<\/div> \n\t<\/div> \n <\/div> <div class=\"wpb_row row \"> \n\t<div class=\"sixteen columns wpb_column column_container\">\n\t\t<div class=\"wpb_wrapper\">\n\t\t\t <div id=\"features_blocks\"><div class=\"blocks_env\"><div class=\"laborator_features_tabs_widget \"><div class=\"features_blocks_nav\"><\/div>\r\n<div class=\"features_blocks\" data-navscope=\"4\" data-navstep=\"1\">\r\n\n\t\t\t<div class=\"four columns\">\n\t\t\t\t\t\t\n\t\t\t\t<div class=\"feature_block\">\n\t\t\t\t\n\t\t\t\t\t<div class=\"tab_icon\"><i class=\"icon icon-lightbulb\"><\/i><\/div>\n\t\t\t\t\t<h3>Enfoque de INNOVACI\u00d3N H\u00cdBRIDA<\/h3>\n\t\t\t\t\t<div class=\"content\">Experimentaci\u00f3n y estrategia para impulsar los resultados<\/div>\n\t\t\t\t\t\n\t\t\t\t<\/div>\n\t\t\t\t\n\t\t\t<\/div>\n\t\t\t<div class=\"four columns\">\n\t\t\t\t\t\t\n\t\t\t\t<div class=\"feature_block\">\n\t\t\t\t\n\t\t\t\t\t<div class=\"tab_icon\"><i class=\"icon icon-globe\"><\/i><\/div>\n\t\t\t\t\t<h3>ECOSISTEMAS que apoyan a los emprendedores<\/h3>\n\t\t\t\t\t<div class=\"content\">Ayud\u00e1ndoles a validar su modelo de negocio<\/div>\n\t\t\t\t\t\n\t\t\t\t<\/div>\n\t\t\t\t\n\t\t\t<\/div>\n\t\t\t<div class=\"four columns\">\n\t\t\t\t\t\t\n\t\t\t\t<div class=\"feature_block\">\n\t\t\t\t\n\t\t\t\t\t<div class=\"tab_icon\"><i class=\"icon icon-laptop\"><\/i><\/div>\n\t\t\t\t\t<h3>Cultura del MIT con la metodolog\u00eda de los 24 pasos<\/h3>\n\t\t\t\t\t<div class=\"content\">Creamos la nueva generaci\u00f3n de emprendedores<\/div>\n\t\t\t\t\t\n\t\t\t\t<\/div>\n\t\t\t\t\n\t\t\t<\/div>\n\t\t\t<div class=\"four columns\">\n\t\t\t\t\t\t\n\t\t\t\t<div class=\"feature_block\">\n\t\t\t\t\n\t\t\t\t\t<div class=\"tab_icon\"><i class=\"icon icon-briefcase\"><\/i><\/div>\n\t\t\t\t\t<h3>Alineamos talento, ejecuci\u00f3n y proceso<\/h3>\n\t\t\t\t\t<div class=\"content\">Para enfocarnos en el mercado y globalizarnos<\/div>\n\t\t\t\t\t\n\t\t\t\t<\/div>\n\t\t\t\t\n\t\t\t<\/div><\/div><\/div><\/div><\/div> \n\t\t<\/div> \n\t<\/div> \n <\/div>\n","protected":false},"excerpt":{"rendered":"Building Global Companies &nbsp; Ayudamos a construir compa\u00f1\u00edas internacionales utilizando un enfoque de INNOVACI\u00d3N H\u00cdBRIDA\u00a0creando un ECOSISTEMA\u00a0que apoya a los emprendedores. Estrategia y experimentaci\u00f3n se juntan para maximizar los resultados y aumentar la productividad, ya que las startups necesitan experimentar las ideas antes de que puedan crecer de manera sostenible. Alinear talento, ejecuci\u00f3n y m\u00e9todo [...]","protected":false},"author":1,"featured_media":0,"parent":0,"menu_order":1,"comment_status":"open","ping_status":"closed","template":"","meta":[],"_links":{"self":[{"href":"https:\/\/www.ib-businessinnovation.com\/es\/wp-json\/wp\/v2\/pages\/857"}],"collection":[{"href":"https:\/\/www.ib-businessinnovation.com\/es\/wp-json\/wp\/v2\/pages"}],"about":[{"href":"https:\/\/www.ib-businessinnovation.com\/es\/wp-json\/wp\/v2\/types\/page"}],"author":[{"embeddable":true,"href":"https:\/\/www.ib-businessinnovation.com\/es\/wp-json\/wp\/v2\/users\/1"}],"replies":[{"embeddable":true,"href":"https:\/\/www.ib-businessinnovation.com\/es\/wp-json\/wp\/v2\/comments?post=857"}],"version-history":[{"count":6,"href":"https:\/\/www.ib-businessinnovation.com\/es\/wp-json\/wp\/v2\/pages\/857\/revisions"}],"predecessor-version":[{"id":859,"href":"https:\/\/www.ib-businessinnovation.com\/es\/wp-json\/wp\/v2\/pages\/857\/revisions\/859"}],"wp:attachment":[{"href":"https:\/\/www.ib-businessinnovation.com\/es\/wp-json\/wp\/v2\/media?parent=857"}],"curies":[{"name":"wp","href":"https:\/\/api.w.org\/{rel}","templated":true}]}}