{"id":909,"date":"2014-01-21T09:41:41","date_gmt":"2014-01-21T09:41:41","guid":{"rendered":"http:\/\/www.ib-businessinnovation.com\/boston-link-2\/"},"modified":"2015-07-13T11:30:36","modified_gmt":"2015-07-13T11:30:36","slug":"boston-link","status":"publish","type":"page","link":"https:\/\/www.ib-businessinnovation.com\/es\/boston-link\/","title":{"rendered":"Boston link"},"content":{"rendered":"<div class=\"wpb_row row \"> \n\t<div class=\"one-third column wpb_column column_container\">\n\t\t<div class=\"wpb_wrapper\">\n\t\t\t \n\t<div class=\"wpb_text_column wpb_content_element \">\n\t\t<div class=\"wpb_wrapper\">\n\t\t\t\n<p><img loading=\"lazy\" class=\"alignnone size-full wp-image-748\" src=\"http:\/\/www.ib-businessinnovation.com\/wp-content\/uploads\/2014\/01\/BANNER-HOME-300X300-BostonLink.jpg\" alt=\"BostonLink\" width=\"300\" height=\"300\" srcset=\"https:\/\/www.ib-businessinnovation.com\/wp-content\/uploads\/2014\/01\/BANNER-HOME-300X300-BostonLink.jpg 300w, https:\/\/www.ib-businessinnovation.com\/wp-content\/uploads\/2014\/01\/BANNER-HOME-300X300-BostonLink-150x150.jpg 150w\" sizes=\"(max-width: 300px) 100vw, 300px\" \/><\/p>\n\n\t\t<\/div> \n\t<\/div>  \n\t<div class=\"wpb_text_column wpb_content_element \">\n\t\t<div class=\"wpb_wrapper\">\n\t\t\t\n<div data-language='' id='calendar-835693656' class='calendar  '><\/div>\n\n\t\t<\/div> \n\t<\/div>  \n\t\t<\/div> \n\t<\/div> \n \n\t<div class=\"two-thirds column wpb_column column_container\">\n\t\t<div class=\"wpb_wrapper\">\n\t\t\t <div class=\"vc_text_separator wpb_content_element separator_align_left \"><div>Boston Link<\/div><\/div>\n \n\t<div class=\"wpb_text_column wpb_content_element \">\n\t\t<div class=\"wpb_wrapper\">\n\t\t\t\n<p style=\"text-align: justify;\">Ayudamos a compa\u00f1\u00edas que quieran <strong>introducirse en el ecosistema innovador de Boston<\/strong>, proporcionando consejo, talento, experiencia y fondos para tu proyecto.<\/p>\n<p style=\"text-align: justify;\">El proyecto empieza con la preparaci\u00f3n de la compa\u00f1\u00eda; estrategia, valor, pitching, equipos y protecci\u00f3n de IP. Solo se seleccionan compa\u00f1\u00edas que trabajen duro y que est\u00e9n <strong>dispuestos a trasladarse fuera de Espa\u00f1a si fuese necesario<\/strong>.<\/p>\n<p style=\"text-align: justify;\">En unos 4 a 6 meses de programa podemos proporcionar las herramientas necesarias para <strong>posicionar e introducir tu compa\u00f1\u00eda a personas valiosas que pueden ser significativas para el futuro<\/strong>.<\/p>\n<p style=\"text-align: justify;\">Con el programa Boston link ayudamos a posicionar tu empresa fuera de Espa\u00f1a:<\/p>\n\n\t\t<\/div> \n\t<\/div>  \n\t<div class=\"wpb_tabs wpb_content_element \" data-interval=\"0\">\n\t\t<div class=\"wpb_wrapper wpb_tour_tabs_wrapper ui-tabs clearfix\">\n\t\t\t<ul class=\"clearfix ui-tabs-nav\"><li><a href=\"#tab-1391771151-1-47\">Preparaci\u00f3n<\/a><\/li><li><a href=\"#tab-1391771151-2-10\">EDP<\/a><\/li><li><a href=\"#tab-1391771151-2-22\">Networking con el ecosistema<\/a><\/li><li><a href=\"#tab-1391771151-2-33\">Ayuda Profesional<\/a><\/li><\/ul>\n\n\t\t\t \n\t\t\t<div id=\"tab-1391771151-1-47\" class=\"wpb_tab wpb_row vc_row-fluid ui-tabs-panel wpb_ui-tabs-hide clearfix\">\n\t\t\t\t \n\t<div class=\"wpb_text_column wpb_content_element \">\n\t\t<div class=\"wpb_wrapper\">\n\t\t\t\n<p>Una minuciosa preparaci\u00f3n completa: <strong>estrategia, propuesta de valor, destreza comunicativa, selecci\u00f3n del equipo y protecci\u00f3n de IP<\/strong><\/p>\n\n\t\t<\/div> \n\t<\/div>  \n\t\t\t<\/div>  \n\t\t\t<div id=\"tab-1391771151-2-10\" class=\"wpb_tab wpb_row vc_row-fluid ui-tabs-panel wpb_ui-tabs-hide clearfix\">\n\t\t\t\t \n\t<div class=\"wpb_text_column wpb_content_element \">\n\t\t<div class=\"wpb_wrapper\">\n\t\t\t\n<p>Asistencia al <strong>Entrepreneurship Development Program<\/strong> en MIT\/Sloan School of Management (Cambridge, MA).<\/p>\n\n\t\t<\/div> \n\t<\/div>  \n\t\t\t<\/div>  \n\t\t\t<div id=\"tab-1391771151-2-22\" class=\"wpb_tab wpb_row vc_row-fluid ui-tabs-panel wpb_ui-tabs-hide clearfix\">\n\t\t\t\t \n\t<div class=\"wpb_text_column wpb_content_element \">\n\t\t<div class=\"wpb_wrapper\">\n\t\t\t\n<p>Acceso a <strong>personas clave en el Ecosistema de Boston\/Ruta 128<\/strong>: abogados, capital riesgo, socios, clientes y talentos del m\u00e1s alto nivel para tu empresa.<\/p>\n\n\t\t<\/div> \n\t<\/div>  \n\t\t\t<\/div>  \n\t\t\t<div id=\"tab-1391771151-2-33\" class=\"wpb_tab wpb_row vc_row-fluid ui-tabs-panel wpb_ui-tabs-hide clearfix\">\n\t\t\t\t \n\t<div class=\"wpb_text_column wpb_content_element \">\n\t\t<div class=\"wpb_wrapper\">\n\t\t\t\n<p>Asistencia para <strong>establecer tu empresa en Estados Unidos<\/strong>: reglamentos y leyes, establecimiento de oficinas y contrataci\u00f3n de personas.<\/p>\n\n\t\t<\/div> \n\t<\/div>  \n\t\t\t<\/div>  \n\t\t<\/div> \n\t<\/div>  <a class=\"wpb_button_a\" title=\"Formulario de Solicitud\" href=\"http:\/\/www.ib-businessinnovation.com\/es\/boston-link\/application-form\/\"><span class=\"wpb_button  wpb_btn-info wpb_btn-large wpb_arrow\">Formulario de Solicitud <i class=\"icon\"> <\/i><\/span><\/a>\n \n\t<div class=\"wpb_text_column wpb_content_element \">\n\t\t<div class=\"wpb_wrapper\">\n\t\t\t\n<blockquote><p>Si eres un emprendedor con una empresa innovadora, solicita tu acceso al programa Boston Link<\/p><\/blockquote>\n\n\t\t<\/div> \n\t<\/div>  \n\t\t<\/div> \n\t<\/div> \n <\/div> <div class=\"wpb_row row \"> \n\t<div class=\"sixteen columns wpb_column column_container\">\n\t\t<div class=\"wpb_wrapper\">\n\t\t\t \n\t\t<\/div> \n\t<\/div> \n <\/div>\n","protected":false},"excerpt":{"rendered":"Boston Link Ayudamos a compa\u00f1\u00edas que quieran introducirse en el ecosistema innovador de Boston, proporcionando consejo, talento, experiencia y fondos para tu proyecto. El proyecto empieza con la preparaci\u00f3n de la compa\u00f1\u00eda; estrategia, valor, pitching, equipos y protecci\u00f3n de IP. Solo se seleccionan compa\u00f1\u00edas que trabajen duro y que est\u00e9n dispuestos a trasladarse fuera de [...]","protected":false},"author":1,"featured_media":0,"parent":0,"menu_order":9,"comment_status":"open","ping_status":"closed","template":"","meta":[],"_links":{"self":[{"href":"https:\/\/www.ib-businessinnovation.com\/es\/wp-json\/wp\/v2\/pages\/909"}],"collection":[{"href":"https:\/\/www.ib-businessinnovation.com\/es\/wp-json\/wp\/v2\/pages"}],"about":[{"href":"https:\/\/www.ib-businessinnovation.com\/es\/wp-json\/wp\/v2\/types\/page"}],"author":[{"embeddable":true,"href":"https:\/\/www.ib-businessinnovation.com\/es\/wp-json\/wp\/v2\/users\/1"}],"replies":[{"embeddable":true,"href":"https:\/\/www.ib-businessinnovation.com\/es\/wp-json\/wp\/v2\/comments?post=909"}],"version-history":[{"count":14,"href":"https:\/\/www.ib-businessinnovation.com\/es\/wp-json\/wp\/v2\/pages\/909\/revisions"}],"predecessor-version":[{"id":1076,"href":"https:\/\/www.ib-businessinnovation.com\/es\/wp-json\/wp\/v2\/pages\/909\/revisions\/1076"}],"wp:attachment":[{"href":"https:\/\/www.ib-businessinnovation.com\/es\/wp-json\/wp\/v2\/media?parent=909"}],"curies":[{"name":"wp","href":"https:\/\/api.w.org\/{rel}","templated":true}]}}