{"id":921,"date":"2014-02-06T14:41:35","date_gmt":"2014-02-06T14:41:35","guid":{"rendered":"http:\/\/www.ib-businessinnovation.com\/boston-link\/application-form\/"},"modified":"2015-04-06T14:12:17","modified_gmt":"2015-04-06T14:12:17","slug":"application-form","status":"publish","type":"page","link":"https:\/\/www.ib-businessinnovation.com\/es\/boston-link\/application-form\/","title":{"rendered":"Formulario de solicitud Boston Link"},"content":{"rendered":"<div class=\"wpb_row row \"> \n\t<div class=\"four columns wpb_column column_container\">\n\t\t<div class=\"wpb_wrapper\">\n\t\t\t \n\t<div class=\"wpb_text_column wpb_content_element \">\n\t\t<div class=\"wpb_wrapper\">\n\t\t\t\n<p><a href=\"http:\/\/www.ib-businessinnovation.com\/wp-content\/uploads\/2014\/02\/Application-Form-Boston-Link.docx\"><img loading=\"lazy\" class=\"alignnone size-full wp-image-926\" src=\"http:\/\/www.ib-businessinnovation.com\/wp-content\/uploads\/2014\/02\/banner-formulario-boston-230x350_spanish.jpg\" alt=\"banner-formulario-boston-230x350_spanish\" width=\"230\" height=\"350\" srcset=\"https:\/\/www.ib-businessinnovation.com\/wp-content\/uploads\/2014\/02\/banner-formulario-boston-230x350_spanish.jpg 230w, https:\/\/www.ib-businessinnovation.com\/wp-content\/uploads\/2014\/02\/banner-formulario-boston-230x350_spanish-197x300.jpg 197w\" sizes=\"(max-width: 230px) 100vw, 230px\" \/><\/a><\/p>\n\n\t\t<\/div> \n\t<\/div>  \n\t\t<\/div> \n\t<\/div> \n \n\t<div class=\"twelve columns wpb_column column_container\">\n\t\t<div class=\"wpb_wrapper\">\n\t\t\t <div class=\"vc_text_separator wpb_content_element separator_align_left \"><div>Formulario de Solicitud Boston Link<\/div><\/div>\n \n\t<div class=\"wpb_text_column wpb_content_element \">\n\t\t<div class=\"wpb_wrapper\">\n\t\t\t\n\n<form method=\"post\" enctype=\"multipart\/form-data\" class=\"contact_form\" action=\"https:\/\/www.ib-businessinnovation.com\/wp-admin\/admin-ajax.php\">\n\t<input type=\"hidden\" name=\"action\" value=\"send_form\" \/>\n\t<input type=\"hidden\" name=\"redirect\" value=\"https:\/\/www.ib-businessinnovation.com\/es\/boston-link\/application-form\/\" \/>\n\t<input type=\"hidden\" name=\"subject\" value=\"Boston Link Application Form\" \/>\n\t<input type=\"hidden\" name=\"to\" value=\"info@ib-businessinnovation.com\" \/>\n\n\t<div class=\"row\">\n\t\t<!-- sender details -->\n\t\t<div class=\"ten columns\" id=\"sender_fields\">\n\t\t\t\t\t<!-- field -->\n\t\t\t<div class=\"placeholder\">\n\t\t\t\t<label for=\"name\">\n\t\t\t\t\t* Nombre y apellidos\t\t\t\t<\/label>\n\t\t\t\t\t\t\t\t    <input type=\"text\" id=\"name\" name=\"name\" class=\"input icon name\" value=\"\"  required\/>\n\t\t\t\t\t\t\t\t\n\t\t\t<\/div>\n\t\t\t<!-- end: field -->\n\t\t\t\t\t\t<!-- field -->\n\t\t\t<div class=\"placeholder\">\n\t\t\t\t<label for=\"company\">\n\t\t\t\t\t* Compa\u00f1\u00eda\t\t\t\t<\/label>\n\t\t\t\t\t\t\t\t    <input type=\"text\" id=\"company\" name=\"company\" class=\"input icon company\" value=\"\"  required\/>\n\t\t\t\t\t\t\t\t\n\t\t\t<\/div>\n\t\t\t<!-- end: field -->\n\t\t\t\t\t\t<!-- field -->\n\t\t\t<div class=\"placeholder\">\n\t\t\t\t<label for=\"phone\">\n\t\t\t\t\t* Tel\u00e9fono\t\t\t\t<\/label>\n\t\t\t\t\t\t\t\t    <input type=\"text\" id=\"phone\" name=\"phone\" class=\"input icon phone\" value=\"\"  required\/>\n\t\t\t\t\t\t\t\t\n\t\t\t<\/div>\n\t\t\t<!-- end: field -->\n\t\t\t\t\t\t<!-- field -->\n\t\t\t<div class=\"placeholder\">\n\t\t\t\t<label for=\"mobile\">\n\t\t\t\t\t* Movil\t\t\t\t<\/label>\n\t\t\t\t\t\t\t\t    <input type=\"text\" id=\"mobile\" name=\"mobile\" class=\"input icon mobile\" value=\"\"  required\/>\n\t\t\t\t\t\t\t\t\n\t\t\t<\/div>\n\t\t\t<!-- end: field -->\n\t\t\t\t\t\t<!-- field -->\n\t\t\t<div class=\"placeholder\">\n\t\t\t\t<label for=\"email\">\n\t\t\t\t\t* Direcci\u00f3n de correo\t\t\t\t<\/label>\n\t\t\t\t\t\t\t\t    <input type=\"text\" id=\"email\" name=\"email\" class=\"input icon email\" value=\"\"  required\/>\n\t\t\t\t\t\t\t\t\n\t\t\t<\/div>\n\t\t\t<!-- end: field -->\n\t\t\t\t\t\t<!-- field -->\n\t\t\t<div class=\"placeholder\">\n\t\t\t\t<label for=\"attachment\">\n\t\t\t\t\t\t\t\t\t<\/label>\n\t\t\t\t                    <input type=\"file\" id=\"attachment\" name=\"attachment\" class=\"input icon attachment\" value=\"\" \/>                     \n\t\t\t\t\t\t\t\t\n\t\t\t<\/div>\n\t\t\t<!-- end: field -->\n\t\t\t\t\t<\/div>\n\t\t<!-- end: sender details -->\n\t\t\n\t\t<div class=\"sixteen columns\">\t\n\t\t\t<button type=\"submit\" class=\"btn-black right send\" name=\"contact_request\" id=\"send\">Enviar<\/button>\n\t\t\t<input type=\"hidden\" name=\"nonce\" value=\"402ff8483d\" \/>\n\t\t<\/div>\t\t\t\t\t\n\t<\/div>\n<\/form>\n\n\t\t<\/div> \n\t<\/div>  \n\t\t<\/div> \n\t<\/div> \n <\/div>\n","protected":false},"excerpt":{"rendered":"Formulario de Solicitud Boston Link * Nombre y apellidos * Compa\u00f1\u00eda * Tel\u00e9fono * Movil * Direcci\u00f3n de correo Enviar","protected":false},"author":1,"featured_media":0,"parent":909,"menu_order":0,"comment_status":"open","ping_status":"open","template":"","meta":[],"_links":{"self":[{"href":"https:\/\/www.ib-businessinnovation.com\/es\/wp-json\/wp\/v2\/pages\/921"}],"collection":[{"href":"https:\/\/www.ib-businessinnovation.com\/es\/wp-json\/wp\/v2\/pages"}],"about":[{"href":"https:\/\/www.ib-businessinnovation.com\/es\/wp-json\/wp\/v2\/types\/page"}],"author":[{"embeddable":true,"href":"https:\/\/www.ib-businessinnovation.com\/es\/wp-json\/wp\/v2\/users\/1"}],"replies":[{"embeddable":true,"href":"https:\/\/www.ib-businessinnovation.com\/es\/wp-json\/wp\/v2\/comments?post=921"}],"version-history":[{"count":4,"href":"https:\/\/www.ib-businessinnovation.com\/es\/wp-json\/wp\/v2\/pages\/921\/revisions"}],"predecessor-version":[{"id":929,"href":"https:\/\/www.ib-businessinnovation.com\/es\/wp-json\/wp\/v2\/pages\/921\/revisions\/929"}],"up":[{"embeddable":true,"href":"https:\/\/www.ib-businessinnovation.com\/es\/wp-json\/wp\/v2\/pages\/909"}],"wp:attachment":[{"href":"https:\/\/www.ib-businessinnovation.com\/es\/wp-json\/wp\/v2\/media?parent=921"}],"curies":[{"name":"wp","href":"https:\/\/api.w.org\/{rel}","templated":true}]}}